{"id":1410,"date":"2024-06-24T11:56:59","date_gmt":"2024-06-24T11:56:59","guid":{"rendered":"https:\/\/immediateconnect.club\/?page_id=1410"},"modified":"2026-01-05T07:24:13","modified_gmt":"2026-01-05T07:24:13","slug":"dziekuje","status":"publish","type":"page","link":"https:\/\/immediateconnect.club\/pl\/thank-you\/","title":{"rendered":"Thank you"},"content":{"rendered":"<div data-elementor-type=\"wp-page\" data-elementor-id=\"1410\" class=\"elementor elementor-1410\" data-elementor-post-type=\"page\">\n\t\t\t\t<div class=\"elementor-element elementor-element-8e50d95 e-flex e-con-boxed e-con e-parent\" data-id=\"8e50d95\" data-element_type=\"container\" data-e-type=\"container\" data-settings=\"{&quot;background_background&quot;:&quot;video&quot;,&quot;background_video_link&quot;:&quot;http:\\\/\\\/immediateconnect.club\\\/wp-content\\\/uploads\\\/2024\\\/09\\\/file.mp4&quot;,&quot;background_play_on_mobile&quot;:&quot;yes&quot;}\">\n\t\t\t\t\t<div class=\"e-con-inner\">\n\t\t<div class=\"elementor-background-video-container\">\n\t\t\t\t\t\t\t<video class=\"elementor-background-video-hosted\" role=\"presentation\" autoplay muted playsinline loop><\/video>\n\t\t\t\t\t<\/div><div class=\"elementor-element elementor-element-eb1e57e e-con-full e-flex e-con e-child\" data-id=\"eb1e57e\" data-element_type=\"container\" data-e-type=\"container\" data-settings=\"{&quot;background_background&quot;:&quot;classic&quot;}\">\n\t\t\t\t<div class=\"elementor-element elementor-element-b5eccad elementor-widget__width-initial elementor-widget-tablet__width-inherit elementor-widget-mobile__width-inherit elementor-widget elementor-widget-heading\" data-id=\"b5eccad\" data-element_type=\"widget\" data-e-type=\"widget\" data-widget_type=\"heading.default\">\n\t\t\t\t<div class=\"elementor-widget-container\">\n\t\t\t\t\t<h1 class=\"elementor-heading-title elementor-size-default\">Dzi\u0119kujemy za rejestracj\u0119!\n<\/h1>\t\t\t\t<\/div>\n\t\t\t\t<\/div>\n\t\t\t\t<div class=\"elementor-element elementor-element-d64e8d1 elementor-widget__width-initial elementor-widget-tablet__width-inherit elementor-widget-mobile__width-inherit elementor-widget elementor-widget-text-editor\" data-id=\"d64e8d1\" data-element_type=\"widget\" data-e-type=\"widget\" data-widget_type=\"text-editor.default\">\n\t\t\t\t<div class=\"elementor-widget-container\">\n\t\t\t\t\t\t\t\t\t<p>Cieszymy si\u0119, \u017ce jeste\u015b na pok\u0142adzie! Aby zapewni\u0107 Ci najlepsz\u0105 mo\u017cliw\u0105 obs\u0142ug\u0119, uprzejmie prosimy o upewnienie si\u0119, \u017ce Tw\u00f3j telefon jest dost\u0119pny do rozmowy. By\u0107 mo\u017ce b\u0119dziemy musieli si\u0119 z Tob\u0105 skontaktowa\u0107, aby uzyska\u0107 wi\u0119cej informacji lub om\u00f3wi\u0107 szczeg\u00f3\u0142y rejestracji.<\/p><p>B\u0105d\u017acie pewni, \u017ce wkr\u00f3tce si\u0119 z wami skontaktujemy, aby nawi\u0105za\u0107 kontakt i odpowiedzie\u0107 na wszelkie pytania lub w\u0105tpliwo\u015bci, kt\u00f3re mo\u017cecie mie\u0107. Cenimy wasz udzia\u0142 i jeste\u015bmy zobowi\u0105zani, aby wasze do\u015bwiadczenia z nami by\u0142y wyj\u0105tkowe.<\/p><p>Dzi\u0119kujemy raz jeszcze za rejestracj\u0119 i mamy nadziej\u0119, \u017ce wkr\u00f3tce porozmawiamy!<\/p>\t\t\t\t\t\t\t\t<\/div>\n\t\t\t\t<\/div>\n\t\t\t\t<div class=\"elementor-element elementor-element-e2f3f38 elementor-widget elementor-widget-button\" data-id=\"e2f3f38\" data-element_type=\"widget\" data-e-type=\"widget\" data-widget_type=\"button.default\">\n\t\t\t\t<div class=\"elementor-widget-container\">\n\t\t\t\t\t\t\t\t\t<div class=\"elementor-button-wrapper\">\n\t\t\t\t\t<a class=\"elementor-button elementor-button-link elementor-size-sm\" href=\"https:\/\/immediateconnect.club\/pl\">\n\t\t\t\t\t\t<span class=\"elementor-button-content-wrapper\">\n\t\t\t\t\t\t\t\t\t<span class=\"elementor-button-text\">Back To Home<\/span>\n\t\t\t\t\t<\/span>\n\t\t\t\t\t<\/a>\n\t\t\t\t<\/div>\n\t\t\t\t\t\t\t\t<\/div>\n\t\t\t\t<\/div>\n\t\t\t\t<\/div>\n\t\t\t\t\t<\/div>\n\t\t\t\t<\/div>\n\t\t\t\t<\/div>","protected":false},"excerpt":{"rendered":"<p>Thank you for your registration! We&#8217;re excited to have you on board! In order to provide you with the best possible service, we kindly ask that you ensure your phone is available for a call. We may need to reach out to you for further information or to discuss your registration details. Rest assured, we&#8217;ll [&hellip;]<\/p>\n","protected":false},"author":1,"featured_media":0,"parent":0,"menu_order":0,"comment_status":"closed","ping_status":"closed","template":"elementor_header_footer","meta":{"footnotes":""},"class_list":["post-1410","page","type-page","status-publish","hentry"],"_links":{"self":[{"href":"https:\/\/immediateconnect.club\/pl\/wp-json\/wp\/v2\/pages\/1410","targetHints":{"allow":["GET"]}}],"collection":[{"href":"https:\/\/immediateconnect.club\/pl\/wp-json\/wp\/v2\/pages"}],"about":[{"href":"https:\/\/immediateconnect.club\/pl\/wp-json\/wp\/v2\/types\/page"}],"author":[{"embeddable":true,"href":"https:\/\/immediateconnect.club\/pl\/wp-json\/wp\/v2\/users\/1"}],"replies":[{"embeddable":true,"href":"https:\/\/immediateconnect.club\/pl\/wp-json\/wp\/v2\/comments?post=1410"}],"version-history":[{"count":25,"href":"https:\/\/immediateconnect.club\/pl\/wp-json\/wp\/v2\/pages\/1410\/revisions"}],"predecessor-version":[{"id":2221,"href":"https:\/\/immediateconnect.club\/pl\/wp-json\/wp\/v2\/pages\/1410\/revisions\/2221"}],"wp:attachment":[{"href":"https:\/\/immediateconnect.club\/pl\/wp-json\/wp\/v2\/media?parent=1410"}],"curies":[{"name":"wp","href":"https:\/\/api.w.org\/{rel}","templated":true}]}}