{"id":917,"date":"2023-12-26T06:45:18","date_gmt":"2023-12-26T06:45:18","guid":{"rendered":"https:\/\/immediateconnect.club\/?page_id=917"},"modified":"2026-01-05T07:09:09","modified_gmt":"2026-01-05T07:09:09","slug":"az-egyesult-allamok-kapcsolata","status":"publish","type":"page","link":"https:\/\/immediateconnect.club\/hu\/contact-us\/","title":{"rendered":"L\u00e9pjen kapcsolatba vel\u00fcnk"},"content":{"rendered":"<div data-elementor-type=\"wp-page\" data-elementor-id=\"917\" class=\"elementor elementor-917\" data-elementor-post-type=\"page\">\n\t\t\t\t<div class=\"elementor-element elementor-element-5bf4856 e-flex e-con-boxed e-con e-parent\" data-id=\"5bf4856\" data-element_type=\"container\" data-e-type=\"container\" data-settings=\"{&quot;background_background&quot;:&quot;gradient&quot;}\">\n\t\t\t\t\t<div class=\"e-con-inner\">\n\t\t\t\t<div class=\"elementor-element elementor-element-2d91b2e elementor-widget elementor-widget-heading\" data-id=\"2d91b2e\" data-element_type=\"widget\" data-e-type=\"widget\" data-widget_type=\"heading.default\">\n\t\t\t\t<div class=\"elementor-widget-container\">\n\t\t\t\t\t<h1 class=\"elementor-heading-title elementor-size-default\">KAPCSOLATOT <\/h1>\t\t\t\t<\/div>\n\t\t\t\t<\/div>\n\t\t\t\t\t<\/div>\n\t\t\t\t<\/div>\n\t\t<div class=\"elementor-element elementor-element-b11c969 e-flex e-con-boxed e-con e-parent\" data-id=\"b11c969\" data-element_type=\"container\" data-e-type=\"container\" data-settings=\"{&quot;background_background&quot;:&quot;classic&quot;}\">\n\t\t\t\t\t<div class=\"e-con-inner\">\n\t\t<div class=\"elementor-element elementor-element-c2b1945 e-con-full e-flex e-con e-child\" data-id=\"c2b1945\" data-element_type=\"container\" data-e-type=\"container\">\n\t\t\t\t<div class=\"elementor-element elementor-element-e31bb9d elementor-widget elementor-widget-heading\" data-id=\"e31bb9d\" data-element_type=\"widget\" data-e-type=\"widget\" data-widget_type=\"heading.default\">\n\t\t\t\t<div class=\"elementor-widget-container\">\n\t\t\t\t\t<h2 class=\"elementor-heading-title elementor-size-default\">L\u00e9pjen kapcsolatba az Immediate Connect seg\u00edts\u00e9g\u00e9vel<\/h2>\t\t\t\t<\/div>\n\t\t\t\t<\/div>\n\t\t\t\t<div class=\"elementor-element elementor-element-6289cd5 elementor-widget elementor-widget-text-editor\" data-id=\"6289cd5\" data-element_type=\"widget\" data-e-type=\"widget\" data-widget_type=\"text-editor.default\">\n\t\t\t\t<div class=\"elementor-widget-container\">\n\t\t\t\t\t\t\t\t\t<p>Itt vagyunk, hogy seg\u00edts\u00fcnk! Ak\u00e1r k\u00e9rd\u00e9se van platformunkkal kapcsolatban, ak\u00e1r seg\u00edts\u00e9gre van sz\u00fcks\u00e9ge fi\u00f3kj\u00e1val kapcsolatban, ak\u00e1r t\u00f6bbet szeretne megtudni keresked\u00e9si szolg\u00e1ltat\u00e1sainkr\u00f3l, csapatunk k\u00e9szen \u00e1ll, hogy seg\u00edtsen \u00d6nnek. L\u00e9pjen kapcsolatba vel\u00fcnk a kapcsolatfelv\u00e9teli \u0171rlapon vagy az \u00e9l\u0151 chaten kereszt\u00fcl, \u00e9s mi azonnal v\u00e1laszolunk, hogy biztos\u00edtsuk a z\u00f6kken\u0151mentes keresked\u00e9si \u00e9lm\u00e9nyt.<\/p>\t\t\t\t\t\t\t\t<\/div>\n\t\t\t\t<\/div>\n\t\t\t\t<div class=\"elementor-element elementor-element-780afee elementor-align-left elementor-widget elementor-widget-button\" data-id=\"780afee\" data-element_type=\"widget\" data-e-type=\"widget\" data-widget_type=\"button.default\">\n\t\t\t\t<div class=\"elementor-widget-container\">\n\t\t\t\t\t\t\t\t\t<div class=\"elementor-button-wrapper\">\n\t\t\t\t\t<a class=\"elementor-button elementor-button-link elementor-size-sm elementor-animation-grow\" href=\"#replain-link\">\n\t\t\t\t\t\t<span class=\"elementor-button-content-wrapper\">\n\t\t\t\t\t\t\t\t\t<span class=\"elementor-button-text\">\u00c9l\u0151 chat most<\/span>\n\t\t\t\t\t<\/span>\n\t\t\t\t\t<\/a>\n\t\t\t\t<\/div>\n\t\t\t\t\t\t\t\t<\/div>\n\t\t\t\t<\/div>\n\t\t\t\t<\/div>\n\t\t<div class=\"elementor-element elementor-element-4c72c47 e-con-full e-flex e-con e-child\" data-id=\"4c72c47\" data-element_type=\"container\" data-e-type=\"container\">\n\t\t\t\t<div class=\"elementor-element elementor-element-c603a34 elementor-widget__width-initial elementor-widget-tablet__width-inherit elementor-widget-mobile__width-initial elementor-widget elementor-widget-shortcode\" data-id=\"c603a34\" data-element_type=\"widget\" data-e-type=\"widget\" id=\"form\" data-widget_type=\"shortcode.default\">\n\t\t\t\t<div class=\"elementor-widget-container\">\n\t\t\t\t\t\t\t<div class=\"elementor-shortcode\"><style>\n\t.form-wrapper-trade .formheading {\n\t\tfont-size: ;\n\t\tfont-weight: ;\n\t}\n\n\t@media screen and (max-width: 768px) {\n\t\t.form-wrapper-trade .formheading {\n\t\t\tfont-size: ;\n\t\t\tfont-weight: ;\n\t\t}\n\t}\n\t.form-wrapper-trade,\n\t#customFormWidget {\n\t\tfont-family: 'Poppins', sans-serif;\n\t}\n\t.form-wrapper-trade {\n\t\twidth: 100%;\n\t\tmax-width: 100%; \n\t\tbackground: #4084a2;\n\t\tmargin: 0 auto;\n\t\tpadding: 25px 30px;\n\t\tborder-radius: 10px;\n\t\tbox-shadow: 0 5px 15px rgba(0,0,0,0.1);\n        \/* margin-bottom: 30px !important; *\/\n\t}\n\t@media screen and (max-width: 991px) {\n\t\t.form-wrapper-trade {\n\t\t\twidth: 100% !important;\n\t\t\tmax-width: 100%;\n\t\t}\n\t}\n\n\t.form-label {\n\t\tdisplay: block;\n\t\tmargin-bottom: 5px;\n\t\tfont-weight: 500;\n\t\tcolor: #000000 !important;\n\t}\n\tbutton.form-control {\n\t\ttransition: all 0.3s ease;\n\t}\n<\/style>\n<div class=\"form-wrapper-trade\" style=\"max-width: 500px; margin: 0 auto;\">\n\t<div class=\"preloader\" id=\"preloader\"><div class=\"spinner\"><\/div><\/div>\n\n\t<p class=\"formheading form-label\">FEDEZZE FEL A KERESKEDELMI LEHET\u0150S\u00c9GEKET MOST<\/p>\n\n\t<form id=\"customFormWidget\" autocomplete=\"off\" action=\"\">\n\t\t<div class=\"form-group\">\n\t\t\t<label for=\"firstName\" class=\"form-label\">Keresztn\u00e9v<\/label>\n\t\t\t<input id=\"firstName\" name=\"firstName\" type=\"text\" class=\"form-control\" required \/>\n\t\t<\/div>\n\n\t\t<div class=\"form-group\">\n\t\t\t<label for=\"lastName\" class=\"form-label\">Vezet\u00e9kn\u00e9v<\/label>\n\t\t\t<input id=\"lastName\" name=\"lastName\" type=\"text\" class=\"form-control\" required \/>\n\t\t<\/div>\n\n\t\t<div class=\"form-group\">\n\t\t\t<label for=\"email\" class=\"form-label\">Email<\/label>\n\t\t\t<input id=\"email\" name=\"email\" type=\"email\" class=\"form-control\" required \/>\n\t\t<\/div>\n\n\t\t<div class=\"form-group\">\n\t\t\t<label for=\"phone\" class=\"form-label\">Telefonsz\u00e1m<\/label>\n\t\t\t<input id=\"phone\" name=\"phone\" type=\"tel\" class=\"form-control\" style=\"width:100%\" required \/>\n\t\t<\/div>\n\n\t\t<div class=\"form-group\">\n\t\t\t<button \n\t\t\t\t\ttype=\"submit\" \n\t\t\t\t\tclass=\"form-control\"\n\t\t\t\t\tstyle=\"background-color: #1c4054; \t\t\t\t\t\t   color: #ffffff; \t\t\t\t\t\t   border-radius: 10px;\">\n\t\t\t\tREGISZTR\u00c1LJ MOST\t\t\t<\/button>\n\t\t<\/div>\n\n\t\t<div id=\"formErrorMessage\" class=\"form-message\"><\/div>\n\n\t\t<div class=\"fortp\">\n\t\t\t<p style=\"font-size: 15px;color: #000;font-family: Poppins, sans-serif;text-align: center\" class=\"translation-block\">Felt\u00e9tlen\u00fcl tekintse \u00e1t \u00e9s fogadja el az\n<a href=\"https:\/\/immediateconnect.club\/hu\/adatvedelmi\/\" style=\"color: white;font-size: 17px;font-weight: bold\" target=\"_self\">Adatv\u00e9delmi ir\u00e1nyelveinket<\/a>\n\u00e9s az\n<a href=\"https:\/\/immediateconnect.club\/hu\/feltetelek\/\" style=\"color: white;font-size: 17px;font-weight: bold\" target=\"_self\">\u00c1ltal\u00e1nos Szerz\u0151d\u00e9si Felt\u00e9teleinket<\/a>.<\/p>\r\n\t\t<\/div>\n\t<input type=\"hidden\" name=\"trp-form-language\" value=\"hu\"\/><\/form>\n<\/div>\n<\/div>\n\t\t\t\t\t\t<\/div>\n\t\t\t\t<\/div>\n\t\t\t\t<\/div>\n\t\t\t\t\t<\/div>\n\t\t\t\t<\/div>\n\t\t\t\t<\/div>","protected":false},"excerpt":{"rendered":"<p>CONTACT US Get in Touch with Immediate Connect We\u2019re here to help! Whether you have questions about our platform, need assistance with your account, or want to learn more about our trading services, our team is ready to assist you. Reach out to us via the contact form or Live Chat , and we\u2019ll respond [&hellip;]<\/p>\n","protected":false},"author":1,"featured_media":0,"parent":0,"menu_order":0,"comment_status":"closed","ping_status":"closed","template":"elementor_header_footer","meta":{"footnotes":""},"class_list":["post-917","page","type-page","status-publish","hentry"],"_links":{"self":[{"href":"https:\/\/immediateconnect.club\/hu\/wp-json\/wp\/v2\/pages\/917","targetHints":{"allow":["GET"]}}],"collection":[{"href":"https:\/\/immediateconnect.club\/hu\/wp-json\/wp\/v2\/pages"}],"about":[{"href":"https:\/\/immediateconnect.club\/hu\/wp-json\/wp\/v2\/types\/page"}],"author":[{"embeddable":true,"href":"https:\/\/immediateconnect.club\/hu\/wp-json\/wp\/v2\/users\/1"}],"replies":[{"embeddable":true,"href":"https:\/\/immediateconnect.club\/hu\/wp-json\/wp\/v2\/comments?post=917"}],"version-history":[{"count":115,"href":"https:\/\/immediateconnect.club\/hu\/wp-json\/wp\/v2\/pages\/917\/revisions"}],"predecessor-version":[{"id":2211,"href":"https:\/\/immediateconnect.club\/hu\/wp-json\/wp\/v2\/pages\/917\/revisions\/2211"}],"wp:attachment":[{"href":"https:\/\/immediateconnect.club\/hu\/wp-json\/wp\/v2\/media?parent=917"}],"curies":[{"name":"wp","href":"https:\/\/api.w.org\/{rel}","templated":true}]}}