{"id":1853,"date":"2025-03-17T06:13:59","date_gmt":"2025-03-17T06:13:59","guid":{"rendered":"https:\/\/immediateconnect.club\/?page_id=1853"},"modified":"2026-01-05T07:29:13","modified_gmt":"2026-01-05T07:29:13","slug":"letoltes-amazon-alkalmazas","status":"publish","type":"page","link":"https:\/\/immediateconnect.club\/hu\/download-amazon-app\/","title":{"rendered":"T\u00f6ltse le az Amazon alkalmaz\u00e1st"},"content":{"rendered":"<div data-elementor-type=\"wp-page\" data-elementor-id=\"1853\" class=\"elementor elementor-1853\" data-elementor-post-type=\"page\">\n\t\t\t\t<div class=\"elementor-element elementor-element-eef9ff6 e-flex e-con-boxed e-con e-parent\" data-id=\"eef9ff6\" data-element_type=\"container\" data-e-type=\"container\" data-settings=\"{&quot;background_background&quot;:&quot;classic&quot;}\">\n\t\t\t\t\t<div class=\"e-con-inner\">\n\t\t<div class=\"elementor-element elementor-element-5fb5f2c e-con-full e-flex e-con e-child\" data-id=\"5fb5f2c\" data-element_type=\"container\" data-e-type=\"container\">\n\t\t\t\t<div class=\"elementor-element elementor-element-fc66869 elementor-widget__width-initial elementor-widget elementor-widget-heading\" data-id=\"fc66869\" data-element_type=\"widget\" data-e-type=\"widget\" data-widget_type=\"heading.default\">\n\t\t\t\t<div class=\"elementor-widget-container\">\n\t\t\t\t\t<h1 class=\"elementor-heading-title elementor-size-default\">Az alkalmaz\u00e1s telep\u00edt\u00e9se az AWS AppStore -b\u00f3l az Android Phone -ba<\/h1>\t\t\t\t<\/div>\n\t\t\t\t<\/div>\n\t\t\t\t<div class=\"elementor-element elementor-element-45f3ddc elementor-widget elementor-widget-text-editor\" data-id=\"45f3ddc\" data-element_type=\"widget\" data-e-type=\"widget\" data-widget_type=\"text-editor.default\">\n\t\t\t\t<div class=\"elementor-widget-container\">\n\t\t\t\t\t\t\t\t\t<ol><li>Telep\u00edtse az Amazon Appstore -t\u00a0<\/li><li>Hozzon l\u00e9tre fi\u00f3kot \u00e9s jelentkezzen be az Amazon Appstore -ba.<\/li><li>Keressen az \u201eazonnali csatlakoz\u00e1s\u201d alkalmaz\u00e1st, \u00e9s kattintson <a style=\"color: #f76207;\" href=\"https:\/\/www.amazon.com\/gp\/product\/B0F1FFDMYC\" target=\"_blank\" rel=\"noopener\">Szerezzen be alkalmaz\u00e1st<\/a>.<\/li><li>Telep\u00edtse \u00e9s haszn\u00e1lja az alkalmaz\u00e1st.<\/li><\/ol>\t\t\t\t\t\t\t\t<\/div>\n\t\t\t\t<\/div>\n\t\t\t\t<\/div>\n\t\t<div class=\"elementor-element elementor-element-fa9a348 e-con-full e-flex e-con e-child\" data-id=\"fa9a348\" data-element_type=\"container\" data-e-type=\"container\">\n\t\t\t\t<div class=\"elementor-element elementor-element-366f4b1 elementor-widget__width-initial elementor-widget-tablet__width-initial elementor-widget-mobile__width-initial elementor-widget elementor-widget-image\" data-id=\"366f4b1\" data-element_type=\"widget\" data-e-type=\"widget\" data-widget_type=\"image.default\">\n\t\t\t\t<div class=\"elementor-widget-container\">\n\t\t\t\t\t\t\t\t\t\t\t\t\t\t\t<img fetchpriority=\"high\" decoding=\"async\" width=\"561\" height=\"1024\" src=\"https:\/\/immediateconnect.club\/wp-content\/uploads\/2025\/03\/Immediateconnect-amazon-screenshot-scaled-1-561x1024.webp\" class=\"attachment-large size-large wp-image-1859\" alt=\"\" srcset=\"https:\/\/immediateconnect.club\/wp-content\/uploads\/2025\/03\/Immediateconnect-amazon-screenshot-scaled-1-561x1024.webp 561w, https:\/\/immediateconnect.club\/wp-content\/uploads\/2025\/03\/Immediateconnect-amazon-screenshot-scaled-1-164x300.webp 164w, https:\/\/immediateconnect.club\/wp-content\/uploads\/2025\/03\/Immediateconnect-amazon-screenshot-scaled-1-768x1402.webp 768w, https:\/\/immediateconnect.club\/wp-content\/uploads\/2025\/03\/Immediateconnect-amazon-screenshot-scaled-1-841x1536.webp 841w, https:\/\/immediateconnect.club\/wp-content\/uploads\/2025\/03\/Immediateconnect-amazon-screenshot-scaled-1-1122x2048.webp 1122w, https:\/\/immediateconnect.club\/wp-content\/uploads\/2025\/03\/Immediateconnect-amazon-screenshot-scaled-1-7x12.webp 7w, https:\/\/immediateconnect.club\/wp-content\/uploads\/2025\/03\/Immediateconnect-amazon-screenshot-scaled-1.webp 1402w\" sizes=\"(max-width: 561px) 100vw, 561px\" \/>\t\t\t\t\t\t\t\t\t\t\t\t\t\t\t<\/div>\n\t\t\t\t<\/div>\n\t\t\t\t<\/div>\n\t\t\t\t\t<\/div>\n\t\t\t\t<\/div>\n\t\t\t\t<\/div>","protected":false},"excerpt":{"rendered":"<p>How to install app from AWS Appstore to android Phone Install the Amazon AppStore\u00a0 Create account and login to Amazon AppStore. Search for app \u201cImmediate Connect\u201d and click Get App. Install and use App.<\/p>","protected":false},"author":1,"featured_media":0,"parent":0,"menu_order":0,"comment_status":"closed","ping_status":"closed","template":"elementor_header_footer","meta":{"footnotes":""},"class_list":["post-1853","page","type-page","status-publish","hentry"],"_links":{"self":[{"href":"https:\/\/immediateconnect.club\/hu\/wp-json\/wp\/v2\/pages\/1853","targetHints":{"allow":["GET"]}}],"collection":[{"href":"https:\/\/immediateconnect.club\/hu\/wp-json\/wp\/v2\/pages"}],"about":[{"href":"https:\/\/immediateconnect.club\/hu\/wp-json\/wp\/v2\/types\/page"}],"author":[{"embeddable":true,"href":"https:\/\/immediateconnect.club\/hu\/wp-json\/wp\/v2\/users\/1"}],"replies":[{"embeddable":true,"href":"https:\/\/immediateconnect.club\/hu\/wp-json\/wp\/v2\/comments?post=1853"}],"version-history":[{"count":19,"href":"https:\/\/immediateconnect.club\/hu\/wp-json\/wp\/v2\/pages\/1853\/revisions"}],"predecessor-version":[{"id":2227,"href":"https:\/\/immediateconnect.club\/hu\/wp-json\/wp\/v2\/pages\/1853\/revisions\/2227"}],"wp:attachment":[{"href":"https:\/\/immediateconnect.club\/hu\/wp-json\/wp\/v2\/media?parent=1853"}],"curies":[{"name":"wp","href":"https:\/\/api.w.org\/{rel}","templated":true}]}}