{"id":1410,"date":"2024-06-24T11:56:59","date_gmt":"2024-06-24T11:56:59","guid":{"rendered":"https:\/\/immediateconnect.club\/?page_id=1410"},"modified":"2026-01-05T07:24:13","modified_gmt":"2026-01-05T07:24:13","slug":"koszonom","status":"publish","type":"page","link":"https:\/\/immediateconnect.club\/hu\/thank-you\/","title":{"rendered":"Thank you"},"content":{"rendered":"<div data-elementor-type=\"wp-page\" data-elementor-id=\"1410\" class=\"elementor elementor-1410\" data-elementor-post-type=\"page\">\n\t\t\t\t<div class=\"elementor-element elementor-element-8e50d95 e-flex e-con-boxed e-con e-parent\" data-id=\"8e50d95\" data-element_type=\"container\" data-e-type=\"container\" data-settings=\"{&quot;background_background&quot;:&quot;video&quot;,&quot;background_video_link&quot;:&quot;http:\\\/\\\/immediateconnect.club\\\/wp-content\\\/uploads\\\/2024\\\/09\\\/file.mp4&quot;,&quot;background_play_on_mobile&quot;:&quot;yes&quot;}\">\n\t\t\t\t\t<div class=\"e-con-inner\">\n\t\t<div class=\"elementor-background-video-container\">\n\t\t\t\t\t\t\t<video class=\"elementor-background-video-hosted\" role=\"presentation\" autoplay muted playsinline loop><\/video>\n\t\t\t\t\t<\/div><div class=\"elementor-element elementor-element-eb1e57e e-con-full e-flex e-con e-child\" data-id=\"eb1e57e\" data-element_type=\"container\" data-e-type=\"container\" data-settings=\"{&quot;background_background&quot;:&quot;classic&quot;}\">\n\t\t\t\t<div class=\"elementor-element elementor-element-b5eccad elementor-widget__width-initial elementor-widget-tablet__width-inherit elementor-widget-mobile__width-inherit elementor-widget elementor-widget-heading\" data-id=\"b5eccad\" data-element_type=\"widget\" data-e-type=\"widget\" data-widget_type=\"heading.default\">\n\t\t\t\t<div class=\"elementor-widget-container\">\n\t\t\t\t\t<h1 class=\"elementor-heading-title elementor-size-default\">K\u00f6sz\u00f6nj\u00fck a regisztr\u00e1ci\u00f3t!\n<\/h1>\t\t\t\t<\/div>\n\t\t\t\t<\/div>\n\t\t\t\t<div class=\"elementor-element elementor-element-d64e8d1 elementor-widget__width-initial elementor-widget-tablet__width-inherit elementor-widget-mobile__width-inherit elementor-widget elementor-widget-text-editor\" data-id=\"d64e8d1\" data-element_type=\"widget\" data-e-type=\"widget\" data-widget_type=\"text-editor.default\">\n\t\t\t\t<div class=\"elementor-widget-container\">\n\t\t\t\t\t\t\t\t\t<p>\u00d6r\u00f6mmel \u00fcdv\u00f6z\u00f6lj\u00fck \u00d6nt csapatunkban! Annak \u00e9rdek\u00e9ben, hogy a lehet\u0151 legjobb szolg\u00e1ltat\u00e1st ny\u00fajthassuk \u00d6nnek, k\u00e9rj\u00fck, gy\u0151z\u0151dj\u00f6n meg r\u00f3la, hogy telefonja el\u00e9rhet\u0151 h\u00edv\u00e1shoz. El\u0151fordulhat, hogy tov\u00e1bbi inform\u00e1ci\u00f3k\u00e9rt vagy a regisztr\u00e1ci\u00f3s adatai megbesz\u00e9l\u00e9se \u00e9rdek\u00e9ben fel kell venn\u00fcnk \u00d6nnel a kapcsolatot.<\/p><p>Biztos\u00edthatjuk, hogy hamarosan felvessz\u00fck \u00d6nnel a kapcsolatot, hogy megv\u00e1laszoljuk k\u00e9rd\u00e9seit \u00e9s agg\u00e1lyait. Nagyra \u00e9rt\u00e9kelj\u00fck r\u00e9szv\u00e9tel\u00e9t, \u00e9s elk\u00f6telezettek vagyunk az ir\u00e1nt, hogy kiv\u00e9teles \u00e9lm\u00e9nyt ny\u00fajtsunk \u00d6nnek.<\/p><p>M\u00e9g egyszer k\u00f6sz\u00f6nj\u00fck a regisztr\u00e1ci\u00f3t, \u00e9s rem\u00e9lj\u00fck, hogy hamarosan besz\u00e9lhet\u00fcnk!<\/p>\t\t\t\t\t\t\t\t<\/div>\n\t\t\t\t<\/div>\n\t\t\t\t<div class=\"elementor-element elementor-element-e2f3f38 elementor-widget elementor-widget-button\" data-id=\"e2f3f38\" data-element_type=\"widget\" data-e-type=\"widget\" data-widget_type=\"button.default\">\n\t\t\t\t<div class=\"elementor-widget-container\">\n\t\t\t\t\t\t\t\t\t<div class=\"elementor-button-wrapper\">\n\t\t\t\t\t<a class=\"elementor-button elementor-button-link elementor-size-sm\" href=\"https:\/\/immediateconnect.club\/hu\">\n\t\t\t\t\t\t<span class=\"elementor-button-content-wrapper\">\n\t\t\t\t\t\t\t\t\t<span class=\"elementor-button-text\">Back To Home<\/span>\n\t\t\t\t\t<\/span>\n\t\t\t\t\t<\/a>\n\t\t\t\t<\/div>\n\t\t\t\t\t\t\t\t<\/div>\n\t\t\t\t<\/div>\n\t\t\t\t<\/div>\n\t\t\t\t\t<\/div>\n\t\t\t\t<\/div>\n\t\t\t\t<\/div>","protected":false},"excerpt":{"rendered":"<p>Thank you for your registration! We&#8217;re excited to have you on board! In order to provide you with the best possible service, we kindly ask that you ensure your phone is available for a call. We may need to reach out to you for further information or to discuss your registration details. Rest assured, we&#8217;ll [&hellip;]<\/p>\n","protected":false},"author":1,"featured_media":0,"parent":0,"menu_order":0,"comment_status":"closed","ping_status":"closed","template":"elementor_header_footer","meta":{"footnotes":""},"class_list":["post-1410","page","type-page","status-publish","hentry"],"_links":{"self":[{"href":"https:\/\/immediateconnect.club\/hu\/wp-json\/wp\/v2\/pages\/1410","targetHints":{"allow":["GET"]}}],"collection":[{"href":"https:\/\/immediateconnect.club\/hu\/wp-json\/wp\/v2\/pages"}],"about":[{"href":"https:\/\/immediateconnect.club\/hu\/wp-json\/wp\/v2\/types\/page"}],"author":[{"embeddable":true,"href":"https:\/\/immediateconnect.club\/hu\/wp-json\/wp\/v2\/users\/1"}],"replies":[{"embeddable":true,"href":"https:\/\/immediateconnect.club\/hu\/wp-json\/wp\/v2\/comments?post=1410"}],"version-history":[{"count":25,"href":"https:\/\/immediateconnect.club\/hu\/wp-json\/wp\/v2\/pages\/1410\/revisions"}],"predecessor-version":[{"id":2221,"href":"https:\/\/immediateconnect.club\/hu\/wp-json\/wp\/v2\/pages\/1410\/revisions\/2221"}],"wp:attachment":[{"href":"https:\/\/immediateconnect.club\/hu\/wp-json\/wp\/v2\/media?parent=1410"}],"curies":[{"name":"wp","href":"https:\/\/api.w.org\/{rel}","templated":true}]}}