{"id":917,"date":"2023-12-26T06:45:18","date_gmt":"2023-12-26T06:45:18","guid":{"rendered":"https:\/\/immediateconnect.club\/?page_id=917"},"modified":"2026-01-05T07:09:09","modified_gmt":"2026-01-05T07:09:09","slug":"us-kontakt","status":"publish","type":"page","link":"https:\/\/immediateconnect.club\/de\/contact-us\/","title":{"rendered":"Kontaktieren Sie uns"},"content":{"rendered":"<div data-elementor-type=\"wp-page\" data-elementor-id=\"917\" class=\"elementor elementor-917\" data-elementor-post-type=\"page\">\n\t\t\t\t<div class=\"elementor-element elementor-element-5bf4856 e-flex e-con-boxed e-con e-parent\" data-id=\"5bf4856\" data-element_type=\"container\" data-e-type=\"container\" data-settings=\"{&quot;background_background&quot;:&quot;gradient&quot;}\">\n\t\t\t\t\t<div class=\"e-con-inner\">\n\t\t\t\t<div class=\"elementor-element elementor-element-2d91b2e elementor-widget elementor-widget-heading\" data-id=\"2d91b2e\" data-element_type=\"widget\" data-e-type=\"widget\" data-widget_type=\"heading.default\">\n\t\t\t\t<div class=\"elementor-widget-container\">\n\t\t\t\t\t<h1 class=\"elementor-heading-title elementor-size-default\">KONTAKTIEREN SIE UNS <\/h1>\t\t\t\t<\/div>\n\t\t\t\t<\/div>\n\t\t\t\t\t<\/div>\n\t\t\t\t<\/div>\n\t\t<div class=\"elementor-element elementor-element-b11c969 e-flex e-con-boxed e-con e-parent\" data-id=\"b11c969\" data-element_type=\"container\" data-e-type=\"container\" data-settings=\"{&quot;background_background&quot;:&quot;classic&quot;}\">\n\t\t\t\t\t<div class=\"e-con-inner\">\n\t\t<div class=\"elementor-element elementor-element-c2b1945 e-con-full e-flex e-con e-child\" data-id=\"c2b1945\" data-element_type=\"container\" data-e-type=\"container\">\n\t\t\t\t<div class=\"elementor-element elementor-element-e31bb9d elementor-widget elementor-widget-heading\" data-id=\"e31bb9d\" data-element_type=\"widget\" data-e-type=\"widget\" data-widget_type=\"heading.default\">\n\t\t\t\t<div class=\"elementor-widget-container\">\n\t\t\t\t\t<h2 class=\"elementor-heading-title elementor-size-default\">Nehmen Sie Kontakt mit Immediate Connect auf<\/h2>\t\t\t\t<\/div>\n\t\t\t\t<\/div>\n\t\t\t\t<div class=\"elementor-element elementor-element-6289cd5 elementor-widget elementor-widget-text-editor\" data-id=\"6289cd5\" data-element_type=\"widget\" data-e-type=\"widget\" data-widget_type=\"text-editor.default\">\n\t\t\t\t<div class=\"elementor-widget-container\">\n\t\t\t\t\t\t\t\t\t<p>Wir helfen Ihnen gerne! Ob Sie Fragen zu unserer Plattform haben, Unterst\u00fctzung bei Ihrem Konto ben\u00f6tigen oder mehr \u00fcber unsere Handelsdienstleistungen erfahren m\u00f6chten \u2013 unser Team hilft Ihnen gerne weiter. Kontaktieren Sie uns \u00fcber das Kontaktformular oder den Live-Chat. Wir antworten Ihnen umgehend, damit Ihr Handelserlebnis reibungslos verl\u00e4uft.<\/p>\t\t\t\t\t\t\t\t<\/div>\n\t\t\t\t<\/div>\n\t\t\t\t<div class=\"elementor-element elementor-element-780afee elementor-align-left elementor-widget elementor-widget-button\" data-id=\"780afee\" data-element_type=\"widget\" data-e-type=\"widget\" data-widget_type=\"button.default\">\n\t\t\t\t<div class=\"elementor-widget-container\">\n\t\t\t\t\t\t\t\t\t<div class=\"elementor-button-wrapper\">\n\t\t\t\t\t<a class=\"elementor-button elementor-button-link elementor-size-sm elementor-animation-grow\" href=\"#replain-link\">\n\t\t\t\t\t\t<span class=\"elementor-button-content-wrapper\">\n\t\t\t\t\t\t\t\t\t<span class=\"elementor-button-text\">Jetzt live chatten<\/span>\n\t\t\t\t\t<\/span>\n\t\t\t\t\t<\/a>\n\t\t\t\t<\/div>\n\t\t\t\t\t\t\t\t<\/div>\n\t\t\t\t<\/div>\n\t\t\t\t<\/div>\n\t\t<div class=\"elementor-element elementor-element-4c72c47 e-con-full e-flex e-con e-child\" data-id=\"4c72c47\" data-element_type=\"container\" data-e-type=\"container\">\n\t\t\t\t<div class=\"elementor-element elementor-element-c603a34 elementor-widget__width-initial elementor-widget-tablet__width-inherit elementor-widget-mobile__width-initial elementor-widget elementor-widget-shortcode\" data-id=\"c603a34\" data-element_type=\"widget\" data-e-type=\"widget\" id=\"form\" data-widget_type=\"shortcode.default\">\n\t\t\t\t<div class=\"elementor-widget-container\">\n\t\t\t\t\t\t\t<div class=\"elementor-shortcode\"><style>\n\t.form-wrapper-trade .formheading {\n\t\tfont-size: ;\n\t\tfont-weight: ;\n\t}\n\n\t@media screen and (max-width: 768px) {\n\t\t.form-wrapper-trade .formheading {\n\t\t\tfont-size: ;\n\t\t\tfont-weight: ;\n\t\t}\n\t}\n\t.form-wrapper-trade,\n\t#customFormWidget {\n\t\tfont-family: 'Poppins', sans-serif;\n\t}\n\t.form-wrapper-trade {\n\t\twidth: 100%;\n\t\tmax-width: 100%; \n\t\tbackground: #4084a2;\n\t\tmargin: 0 auto;\n\t\tpadding: 25px 30px;\n\t\tborder-radius: 10px;\n\t\tbox-shadow: 0 5px 15px rgba(0,0,0,0.1);\n        \/* margin-bottom: 30px !important; *\/\n\t}\n\t@media screen and (max-width: 991px) {\n\t\t.form-wrapper-trade {\n\t\t\twidth: 100% !important;\n\t\t\tmax-width: 100%;\n\t\t}\n\t}\n\n\t.form-label {\n\t\tdisplay: block;\n\t\tmargin-bottom: 5px;\n\t\tfont-weight: 500;\n\t\tcolor: #000000 !important;\n\t}\n\tbutton.form-control {\n\t\ttransition: all 0.3s ease;\n\t}\n<\/style>\n<div class=\"form-wrapper-trade\" style=\"max-width: 500px; margin: 0 auto;\">\n\t<div class=\"preloader\" id=\"preloader\"><div class=\"spinner\"><\/div><\/div>\n\n\t<p class=\"formheading form-label\">JETZT HANDELSM\u00d6GLICHKEITEN ENTDECKEN<\/p>\n\n\t<form id=\"customFormWidget\" autocomplete=\"off\" action=\"\">\n\t\t<div class=\"form-group\">\n\t\t\t<label for=\"firstName\" class=\"form-label\">Vorname<\/label>\n\t\t\t<input id=\"firstName\" name=\"firstName\" type=\"text\" class=\"form-control\" required \/>\n\t\t<\/div>\n\n\t\t<div class=\"form-group\">\n\t\t\t<label for=\"lastName\" class=\"form-label\">Nachname<\/label>\n\t\t\t<input id=\"lastName\" name=\"lastName\" type=\"text\" class=\"form-control\" required \/>\n\t\t<\/div>\n\n\t\t<div class=\"form-group\">\n\t\t\t<label for=\"email\" class=\"form-label\">E-Mail<\/label>\n\t\t\t<input id=\"email\" name=\"email\" type=\"email\" class=\"form-control\" required \/>\n\t\t<\/div>\n\n\t\t<div class=\"form-group\">\n\t\t\t<label for=\"phone\" class=\"form-label\">Telefonnummer<\/label>\n\t\t\t<input id=\"phone\" name=\"phone\" type=\"tel\" class=\"form-control\" style=\"width:100%\" required \/>\n\t\t<\/div>\n\n\t\t<div class=\"form-group\">\n\t\t\t<button \n\t\t\t\t\ttype=\"submit\" \n\t\t\t\t\tclass=\"form-control\"\n\t\t\t\t\tstyle=\"background-color: #1c4054; \t\t\t\t\t\t   color: #ffffff; \t\t\t\t\t\t   border-radius: 10px;\">\n\t\t\t\tJETZT REGISTRIEREN\t\t\t<\/button>\n\t\t<\/div>\n\n\t\t<div id=\"formErrorMessage\" class=\"form-message\"><\/div>\n\n\t\t<div class=\"fortp\">\n\t\t\t<p style=\"font-size: 15px;color: #000;font-family: Poppins, sans-serif;text-align: center\" class=\"translation-block\">Bitte lesen und akzeptieren Sie unsere\n\n<a href=\"https:\/\/immediateconnect.club\/de\/datenschutzrichtlinie\/\" style=\"color: white;font-size: 17px;font-weight: bold\" target=\"_self\">Datenschutzrichtlinie<\/a>\nund\n\n<a href=\"https:\/\/immediateconnect.club\/de\/allgemeine-geschaftsbedingungen\/\" style=\"color: white;font-size: 17px;font-weight: bold\" target=\"_self\">Allgemeine Gesch\u00e4ftsbedingungen<\/a>.<\/p>\r\n\t\t<\/div>\n\t<input type=\"hidden\" name=\"trp-form-language\" value=\"de\"\/><\/form>\n<\/div>\n<\/div>\n\t\t\t\t\t\t<\/div>\n\t\t\t\t<\/div>\n\t\t\t\t<\/div>\n\t\t\t\t\t<\/div>\n\t\t\t\t<\/div>\n\t\t\t\t<\/div>","protected":false},"excerpt":{"rendered":"<p>CONTACT US Get in Touch with Immediate Connect We\u2019re here to help! Whether you have questions about our platform, need assistance with your account, or want to learn more about our trading services, our team is ready to assist you. Reach out to us via the contact form or Live Chat , and we\u2019ll respond [&hellip;]<\/p>\n","protected":false},"author":1,"featured_media":0,"parent":0,"menu_order":0,"comment_status":"closed","ping_status":"closed","template":"elementor_header_footer","meta":{"footnotes":""},"class_list":["post-917","page","type-page","status-publish","hentry"],"_links":{"self":[{"href":"https:\/\/immediateconnect.club\/de\/wp-json\/wp\/v2\/pages\/917","targetHints":{"allow":["GET"]}}],"collection":[{"href":"https:\/\/immediateconnect.club\/de\/wp-json\/wp\/v2\/pages"}],"about":[{"href":"https:\/\/immediateconnect.club\/de\/wp-json\/wp\/v2\/types\/page"}],"author":[{"embeddable":true,"href":"https:\/\/immediateconnect.club\/de\/wp-json\/wp\/v2\/users\/1"}],"replies":[{"embeddable":true,"href":"https:\/\/immediateconnect.club\/de\/wp-json\/wp\/v2\/comments?post=917"}],"version-history":[{"count":115,"href":"https:\/\/immediateconnect.club\/de\/wp-json\/wp\/v2\/pages\/917\/revisions"}],"predecessor-version":[{"id":2211,"href":"https:\/\/immediateconnect.club\/de\/wp-json\/wp\/v2\/pages\/917\/revisions\/2211"}],"wp:attachment":[{"href":"https:\/\/immediateconnect.club\/de\/wp-json\/wp\/v2\/media?parent=917"}],"curies":[{"name":"wp","href":"https:\/\/api.w.org\/{rel}","templated":true}]}}