{"id":1410,"date":"2024-06-24T11:56:59","date_gmt":"2024-06-24T11:56:59","guid":{"rendered":"https:\/\/immediateconnect.club\/?page_id=1410"},"modified":"2026-01-05T07:24:13","modified_gmt":"2026-01-05T07:24:13","slug":"dekuju","status":"publish","type":"page","link":"https:\/\/immediateconnect.club\/cs\/thank-you\/","title":{"rendered":"Thank you"},"content":{"rendered":"<div data-elementor-type=\"wp-page\" data-elementor-id=\"1410\" class=\"elementor elementor-1410\" data-elementor-post-type=\"page\">\n\t\t\t\t<div class=\"elementor-element elementor-element-8e50d95 e-flex e-con-boxed e-con e-parent\" data-id=\"8e50d95\" data-element_type=\"container\" data-e-type=\"container\" data-settings=\"{&quot;background_background&quot;:&quot;video&quot;,&quot;background_video_link&quot;:&quot;http:\\\/\\\/immediateconnect.club\\\/wp-content\\\/uploads\\\/2024\\\/09\\\/file.mp4&quot;,&quot;background_play_on_mobile&quot;:&quot;yes&quot;}\">\n\t\t\t\t\t<div class=\"e-con-inner\">\n\t\t<div class=\"elementor-background-video-container\">\n\t\t\t\t\t\t\t<video class=\"elementor-background-video-hosted\" role=\"presentation\" autoplay muted playsinline loop><\/video>\n\t\t\t\t\t<\/div><div class=\"elementor-element elementor-element-eb1e57e e-con-full e-flex e-con e-child\" data-id=\"eb1e57e\" data-element_type=\"container\" data-e-type=\"container\" data-settings=\"{&quot;background_background&quot;:&quot;classic&quot;}\">\n\t\t\t\t<div class=\"elementor-element elementor-element-b5eccad elementor-widget__width-initial elementor-widget-tablet__width-inherit elementor-widget-mobile__width-inherit elementor-widget elementor-widget-heading\" data-id=\"b5eccad\" data-element_type=\"widget\" data-e-type=\"widget\" data-widget_type=\"heading.default\">\n\t\t\t\t<div class=\"elementor-widget-container\">\n\t\t\t\t\t<h1 class=\"elementor-heading-title elementor-size-default\">D\u011bkujeme za va\u0161i registraci!\n<\/h1>\t\t\t\t<\/div>\n\t\t\t\t<\/div>\n\t\t\t\t<div class=\"elementor-element elementor-element-d64e8d1 elementor-widget__width-initial elementor-widget-tablet__width-inherit elementor-widget-mobile__width-inherit elementor-widget elementor-widget-text-editor\" data-id=\"d64e8d1\" data-element_type=\"widget\" data-e-type=\"widget\" data-widget_type=\"text-editor.default\">\n\t\t\t\t<div class=\"elementor-widget-container\">\n\t\t\t\t\t\t\t\t\t<p>T\u011b\u0161\u00edme se, \u017ee jste s n\u00e1mi! Abychom v\u00e1m mohli poskytnout co nejlep\u0161\u00ed slu\u017eby, \u017e\u00e1d\u00e1me v\u00e1s, abyste m\u011bli k dispozici telefonn\u00ed \u010d\u00edslo. Mo\u017en\u00e1 v\u00e1s budeme muset kontaktovat pro dal\u0161\u00ed informace nebo prodiskutovat va\u0161e registra\u010dn\u00ed \u00fadaje.<\/p><p>Uji\u0161\u0165ujeme v\u00e1s, \u017ee se s v\u00e1mi brzy spoj\u00edme a zodpov\u00edme ve\u0161ker\u00e9 va\u0161e dotazy \u010di obavy. V\u00e1\u017e\u00edme si va\u0161\u00ed \u00fa\u010dasti a sna\u017e\u00edme se, aby byl v\u00e1\u0161 z\u00e1\u017eitek s n\u00e1mi v\u00fdjime\u010dn\u00fd.<\/p><p>Je\u0161t\u011b jednou d\u011bkujeme za registraci a t\u011b\u0161\u00edme se na brzkou sch\u016fzku s v\u00e1mi!<\/p>\t\t\t\t\t\t\t\t<\/div>\n\t\t\t\t<\/div>\n\t\t\t\t<div class=\"elementor-element elementor-element-e2f3f38 elementor-widget elementor-widget-button\" data-id=\"e2f3f38\" data-element_type=\"widget\" data-e-type=\"widget\" data-widget_type=\"button.default\">\n\t\t\t\t<div class=\"elementor-widget-container\">\n\t\t\t\t\t\t\t\t\t<div class=\"elementor-button-wrapper\">\n\t\t\t\t\t<a class=\"elementor-button elementor-button-link elementor-size-sm\" href=\"https:\/\/immediateconnect.club\/cs\">\n\t\t\t\t\t\t<span class=\"elementor-button-content-wrapper\">\n\t\t\t\t\t\t\t\t\t<span class=\"elementor-button-text\">Back To Home<\/span>\n\t\t\t\t\t<\/span>\n\t\t\t\t\t<\/a>\n\t\t\t\t<\/div>\n\t\t\t\t\t\t\t\t<\/div>\n\t\t\t\t<\/div>\n\t\t\t\t<\/div>\n\t\t\t\t\t<\/div>\n\t\t\t\t<\/div>\n\t\t\t\t<\/div>","protected":false},"excerpt":{"rendered":"<p>Thank you for your registration! We&#8217;re excited to have you on board! In order to provide you with the best possible service, we kindly ask that you ensure your phone is available for a call. We may need to reach out to you for further information or to discuss your registration details. Rest assured, we&#8217;ll [&hellip;]<\/p>\n","protected":false},"author":1,"featured_media":0,"parent":0,"menu_order":0,"comment_status":"closed","ping_status":"closed","template":"elementor_header_footer","meta":{"footnotes":""},"class_list":["post-1410","page","type-page","status-publish","hentry"],"_links":{"self":[{"href":"https:\/\/immediateconnect.club\/cs\/wp-json\/wp\/v2\/pages\/1410","targetHints":{"allow":["GET"]}}],"collection":[{"href":"https:\/\/immediateconnect.club\/cs\/wp-json\/wp\/v2\/pages"}],"about":[{"href":"https:\/\/immediateconnect.club\/cs\/wp-json\/wp\/v2\/types\/page"}],"author":[{"embeddable":true,"href":"https:\/\/immediateconnect.club\/cs\/wp-json\/wp\/v2\/users\/1"}],"replies":[{"embeddable":true,"href":"https:\/\/immediateconnect.club\/cs\/wp-json\/wp\/v2\/comments?post=1410"}],"version-history":[{"count":25,"href":"https:\/\/immediateconnect.club\/cs\/wp-json\/wp\/v2\/pages\/1410\/revisions"}],"predecessor-version":[{"id":2221,"href":"https:\/\/immediateconnect.club\/cs\/wp-json\/wp\/v2\/pages\/1410\/revisions\/2221"}],"wp:attachment":[{"href":"https:\/\/immediateconnect.club\/cs\/wp-json\/wp\/v2\/media?parent=1410"}],"curies":[{"name":"wp","href":"https:\/\/api.w.org\/{rel}","templated":true}]}}